{"id":490,"date":"2025-08-26T14:35:04","date_gmt":"2025-08-26T12:35:04","guid":{"rendered":"https:\/\/www.parisenigmes.com\/blog\/?page_id=490"},"modified":"2025-08-26T14:36:28","modified_gmt":"2025-08-26T12:36:28","slug":"privacy-policy","status":"publish","type":"page","link":"https:\/\/www.parisenigmes.com\/blog\/en\/privacy-policy\/","title":{"rendered":"Paris Enigmes &#8211; Privacy Policy"},"content":{"rendered":"<p data-start=\"53\" data-end=\"199\">At Paris Enigmes, we are committed to protecting your privacy. This Privacy Policy explains how we collect, use, and protect your personal data.<\/p>\n<h2 data-start=\"201\" data-end=\"225\"><strong data-start=\"201\" data-end=\"223\">1. Data Collection<\/strong><\/h2>\n<p data-start=\"227\" data-end=\"389\">We collect the personal information you voluntarily provide when using our website or mobile application, such as your name, email address, and payment details.<\/p>\n<h2 data-start=\"391\" data-end=\"421\"><strong data-start=\"391\" data-end=\"419\">2. Use of Collected Data<\/strong><\/h2>\n<p data-start=\"423\" data-end=\"455\">The collected data is used to:<\/p>\n<ul data-start=\"457\" data-end=\"668\">\n<li data-start=\"457\" data-end=\"493\">\n<p data-start=\"459\" data-end=\"493\">Process your orders and payments<\/p>\n<\/li>\n<li data-start=\"494\" data-end=\"538\">\n<p data-start=\"496\" data-end=\"538\">Give you access to your purchased visits<\/p>\n<\/li>\n<li data-start=\"539\" data-end=\"584\">\n<p data-start=\"541\" data-end=\"584\">Improve our services and customer support<\/p>\n<\/li>\n<li data-start=\"585\" data-end=\"668\">\n<p data-start=\"587\" data-end=\"668\">Send you important information regarding your orders or updates to our services<\/p>\n<\/li>\n<\/ul>\n<h2 data-start=\"670\" data-end=\"691\"><strong data-start=\"670\" data-end=\"689\">3. Data Sharing<\/strong><\/h2>\n<p data-start=\"693\" data-end=\"893\">We do not sell or rent your personal data. Your data may be shared with third-party service providers only when necessary for the operation of the service (for example, payment processing partners).<\/p>\n<h2 data-start=\"895\" data-end=\"917\"><strong data-start=\"895\" data-end=\"915\">4. Data Security<\/strong><\/h2>\n<p data-start=\"919\" data-end=\"1029\">We implement appropriate technical and organizational measures to ensure the security of your personal data.<\/p>\n<h2 data-start=\"1031\" data-end=\"1051\"><strong data-start=\"1031\" data-end=\"1049\">5. User Rights<\/strong><\/h2>\n<p data-start=\"1053\" data-end=\"1179\">You have the right to access, modify, or delete your personal data. You may contact us at any time to exercise these rights.<\/p>\n<h2 data-start=\"1181\" data-end=\"1197\"><strong data-start=\"1181\" data-end=\"1195\">6. Cookies<\/strong><\/h2>\n<p data-start=\"1199\" data-end=\"1356\">Our website uses cookies to enhance your browsing experience and collect statistical data. You can manage your cookie preferences in your browser settings.<\/p>\n<h2 data-start=\"1358\" data-end=\"1389\"><strong data-start=\"1358\" data-end=\"1387\">7. Changes to This Policy<\/strong><\/h2>\n<p data-start=\"1391\" data-end=\"1510\">We may update this Privacy Policy from time to time. Any changes will be published on this page with the update date.<\/p>\n<p data-start=\"1512\" data-end=\"1543\">\n","protected":false},"excerpt":{"rendered":"<p>At Paris Enigmes, we are committed to protecting your privacy. This Privacy Policy explains how we collect, use, and protect your personal data. 1. Data Collection We collect the personal information you voluntarily provide when using our website or mobile application, such as your name, email address, and payment details. 2. Use of Collected Data&#8230;<\/p>\n","protected":false},"author":1,"featured_media":0,"parent":0,"menu_order":0,"comment_status":"closed","ping_status":"closed","template":"","meta":{"_kad_post_transparent":"default","_kad_post_title":"default","_kad_post_layout":"default","_kad_post_sidebar_id":"","_kad_post_content_style":"default","_kad_post_vertical_padding":"default","_kad_post_feature":"","_kad_post_feature_position":"","_kad_post_header":false,"_kad_post_footer":false,"footnotes":""},"class_list":["post-490","page","type-page","status-publish","hentry"],"yoast_head":"<!-- This site is optimized with the Yoast SEO plugin v26.2 - https:\/\/yoast.com\/wordpress\/plugins\/seo\/ -->\n<title>Paris Enigmes - Privacy Policy<\/title>\n<meta name=\"description\" content=\"D\u00e9couvrez la Politique de Confidentialit\u00e9 de Paris Enigmes : collecte, utilisation et protection de vos donn\u00e9es personnelles, vos droits ...\" \/>\n<meta name=\"robots\" content=\"index, follow, max-snippet:-1, max-image-preview:large, max-video-preview:-1\" \/>\n<link rel=\"canonical\" href=\"https:\/\/www.parisenigmes.com\/blog\/en\/privacy-policy\/\" \/>\n<meta property=\"og:locale\" content=\"fr_FR\" \/>\n<meta property=\"og:type\" content=\"article\" \/>\n<meta property=\"og:title\" content=\"Paris Enigmes - Privacy Policy\" \/>\n<meta property=\"og:description\" content=\"Discover the Privacy Policy of Paris Enigmes: collection, use and protection of your personal data, your rights ...\" \/>\n<meta property=\"og:url\" content=\"https:\/\/www.parisenigmes.com\/blog\/en\/privacy-policy\/\" \/>\n<meta property=\"og:site_name\" content=\"Paris Enigmes - Blog\" \/>\n<meta property=\"article:publisher\" content=\"https:\/\/www.facebook.com\/ParisEnigmes\/\" \/>\n<meta property=\"article:modified_time\" content=\"2025-08-26T12:36:28+00:00\" \/>\n<meta name=\"twitter:card\" content=\"summary_large_image\" \/>\n<meta name=\"twitter:title\" content=\"Paris Enigmes - Privacy Policy\" \/>\n<meta name=\"twitter:description\" content=\"Discover the Privacy Policy of Paris Enigmes: collection, use and protection of your personal data, your rights ...\" \/>\n<meta name=\"twitter:label1\" content=\"Est. reading time\" \/>\n\t<meta name=\"twitter:data1\" content=\"2 minutes\" \/>\n<script type=\"application\/ld+json\" class=\"yoast-schema-graph\">{\"@context\":\"https:\/\/schema.org\",\"@graph\":[{\"@type\":\"WebPage\",\"@id\":\"https:\/\/www.parisenigmes.com\/blog\/en\/privacy-policy\/\",\"url\":\"https:\/\/www.parisenigmes.com\/blog\/en\/privacy-policy\/\",\"name\":\"Paris Enigmes - Privacy Policy\",\"isPartOf\":{\"@id\":\"https:\/\/www.parisenigmes.com\/blog\/#website\"},\"datePublished\":\"2025-08-26T12:35:04+00:00\",\"dateModified\":\"2025-08-26T12:36:28+00:00\",\"description\":\"D\u00e9couvrez la Politique de Confidentialit\u00e9 de Paris Enigmes : collecte, utilisation et protection de vos donn\u00e9es personnelles, vos droits ...\",\"breadcrumb\":{\"@id\":\"https:\/\/www.parisenigmes.com\/blog\/en\/privacy-policy\/#breadcrumb\"},\"inLanguage\":\"fr-FR\",\"potentialAction\":[{\"@type\":\"ReadAction\",\"target\":[\"https:\/\/www.parisenigmes.com\/blog\/en\/privacy-policy\/\"]}]},{\"@type\":\"BreadcrumbList\",\"@id\":\"https:\/\/www.parisenigmes.com\/blog\/en\/privacy-policy\/#breadcrumb\",\"itemListElement\":[{\"@type\":\"ListItem\",\"position\":1,\"name\":\"Home\",\"item\":\"https:\/\/www.parisenigmes.com\/blog\/\"},{\"@type\":\"ListItem\",\"position\":2,\"name\":\"Paris Enigmes &#8211; Privacy Policy\"}]},{\"@type\":\"WebSite\",\"@id\":\"https:\/\/www.parisenigmes.com\/blog\/#website\",\"url\":\"https:\/\/www.parisenigmes.com\/blog\/\",\"name\":\"Paris Enigmes - Blog\",\"description\":\"\",\"publisher\":{\"@id\":\"https:\/\/www.parisenigmes.com\/blog\/#organization\"},\"potentialAction\":[{\"@type\":\"SearchAction\",\"target\":{\"@type\":\"EntryPoint\",\"urlTemplate\":\"https:\/\/www.parisenigmes.com\/blog\/?s={search_term_string}\"},\"query-input\":{\"@type\":\"PropertyValueSpecification\",\"valueRequired\":true,\"valueName\":\"search_term_string\"}}],\"inLanguage\":\"fr-FR\"},{\"@type\":\"Organization\",\"@id\":\"https:\/\/www.parisenigmes.com\/blog\/#organization\",\"name\":\"Paris Enigmes - Blog\",\"url\":\"https:\/\/www.parisenigmes.com\/blog\/\",\"logo\":{\"@type\":\"ImageObject\",\"inLanguage\":\"fr-FR\",\"@id\":\"https:\/\/www.parisenigmes.com\/blog\/#\/schema\/logo\/image\/\",\"url\":\"https:\/\/www.parisenigmes.com\/blog\/wp-content\/uploads\/2025\/08\/ic_launcher.png\",\"contentUrl\":\"https:\/\/www.parisenigmes.com\/blog\/wp-content\/uploads\/2025\/08\/ic_launcher.png\",\"width\":1080,\"height\":1080,\"caption\":\"Paris Enigmes - Blog\"},\"image\":{\"@id\":\"https:\/\/www.parisenigmes.com\/blog\/#\/schema\/logo\/image\/\"},\"sameAs\":[\"https:\/\/www.facebook.com\/ParisEnigmes\/\",\"https:\/\/www.instagram.com\/parisenigmes\/\"]}]}<\/script>\n<!-- \/ Yoast SEO plugin. -->","yoast_head_json":{"title":"Paris Enigmes - Privacy Policy","description":"D\u00e9couvrez la Politique de Confidentialit\u00e9 de Paris Enigmes : collecte, utilisation et protection de vos donn\u00e9es personnelles, vos droits ...","robots":{"index":"index","follow":"follow","max-snippet":"max-snippet:-1","max-image-preview":"max-image-preview:large","max-video-preview":"max-video-preview:-1"},"canonical":"https:\/\/www.parisenigmes.com\/blog\/en\/privacy-policy\/","og_locale":"fr_FR","og_type":"article","og_title":"Paris Enigmes - Privacy Policy","og_description":"Discover the Privacy Policy of Paris Enigmes: collection, use and protection of your personal data, your rights ...","og_url":"https:\/\/www.parisenigmes.com\/blog\/en\/privacy-policy\/","og_site_name":"Paris Enigmes - Blog","article_publisher":"https:\/\/www.facebook.com\/ParisEnigmes\/","article_modified_time":"2025-08-26T12:36:28+00:00","twitter_card":"summary_large_image","twitter_title":"Paris Enigmes - Privacy Policy","twitter_description":"Discover the Privacy Policy of Paris Enigmes: collection, use and protection of your personal data, your rights ...","twitter_misc":{"Est. reading time":"2 minutes"},"schema":{"@context":"https:\/\/schema.org","@graph":[{"@type":"WebPage","@id":"https:\/\/www.parisenigmes.com\/blog\/en\/privacy-policy\/","url":"https:\/\/www.parisenigmes.com\/blog\/en\/privacy-policy\/","name":"Paris Enigmes - Privacy Policy","isPartOf":{"@id":"https:\/\/www.parisenigmes.com\/blog\/#website"},"datePublished":"2025-08-26T12:35:04+00:00","dateModified":"2025-08-26T12:36:28+00:00","description":"D\u00e9couvrez la Politique de Confidentialit\u00e9 de Paris Enigmes : collecte, utilisation et protection de vos donn\u00e9es personnelles, vos droits ...","breadcrumb":{"@id":"https:\/\/www.parisenigmes.com\/blog\/en\/privacy-policy\/#breadcrumb"},"inLanguage":"fr-FR","potentialAction":[{"@type":"ReadAction","target":["https:\/\/www.parisenigmes.com\/blog\/en\/privacy-policy\/"]}]},{"@type":"BreadcrumbList","@id":"https:\/\/www.parisenigmes.com\/blog\/en\/privacy-policy\/#breadcrumb","itemListElement":[{"@type":"ListItem","position":1,"name":"Home","item":"https:\/\/www.parisenigmes.com\/blog\/"},{"@type":"ListItem","position":2,"name":"Paris Enigmes &#8211; Privacy Policy"}]},{"@type":"WebSite","@id":"https:\/\/www.parisenigmes.com\/blog\/#website","url":"https:\/\/www.parisenigmes.com\/blog\/","name":"Paris Enigmes - Blog","description":"","publisher":{"@id":"https:\/\/www.parisenigmes.com\/blog\/#organization"},"potentialAction":[{"@type":"SearchAction","target":{"@type":"EntryPoint","urlTemplate":"https:\/\/www.parisenigmes.com\/blog\/?s={search_term_string}"},"query-input":{"@type":"PropertyValueSpecification","valueRequired":true,"valueName":"search_term_string"}}],"inLanguage":"fr-FR"},{"@type":"Organization","@id":"https:\/\/www.parisenigmes.com\/blog\/#organization","name":"Paris Enigmes - Blog","url":"https:\/\/www.parisenigmes.com\/blog\/","logo":{"@type":"ImageObject","inLanguage":"fr-FR","@id":"https:\/\/www.parisenigmes.com\/blog\/#\/schema\/logo\/image\/","url":"https:\/\/www.parisenigmes.com\/blog\/wp-content\/uploads\/2025\/08\/ic_launcher.png","contentUrl":"https:\/\/www.parisenigmes.com\/blog\/wp-content\/uploads\/2025\/08\/ic_launcher.png","width":1080,"height":1080,"caption":"Paris Enigmes - Blog"},"image":{"@id":"https:\/\/www.parisenigmes.com\/blog\/#\/schema\/logo\/image\/"},"sameAs":["https:\/\/www.facebook.com\/ParisEnigmes\/","https:\/\/www.instagram.com\/parisenigmes\/"]}]}},"_links":{"self":[{"href":"https:\/\/www.parisenigmes.com\/blog\/wp-json\/wp\/v2\/pages\/490","targetHints":{"allow":["GET"]}}],"collection":[{"href":"https:\/\/www.parisenigmes.com\/blog\/wp-json\/wp\/v2\/pages"}],"about":[{"href":"https:\/\/www.parisenigmes.com\/blog\/wp-json\/wp\/v2\/types\/page"}],"author":[{"embeddable":true,"href":"https:\/\/www.parisenigmes.com\/blog\/wp-json\/wp\/v2\/users\/1"}],"replies":[{"embeddable":true,"href":"https:\/\/www.parisenigmes.com\/blog\/wp-json\/wp\/v2\/comments?post=490"}],"version-history":[{"count":1,"href":"https:\/\/www.parisenigmes.com\/blog\/wp-json\/wp\/v2\/pages\/490\/revisions"}],"predecessor-version":[{"id":491,"href":"https:\/\/www.parisenigmes.com\/blog\/wp-json\/wp\/v2\/pages\/490\/revisions\/491"}],"wp:attachment":[{"href":"https:\/\/www.parisenigmes.com\/blog\/wp-json\/wp\/v2\/media?parent=490"}],"curies":[{"name":"wp","href":"https:\/\/api.w.org\/{rel}","templated":true}]}}