{"id":492,"date":"2025-08-26T14:43:47","date_gmt":"2025-08-26T12:43:47","guid":{"rendered":"https:\/\/www.parisenigmes.com\/blog\/?page_id=492"},"modified":"2026-02-07T11:19:13","modified_gmt":"2026-02-07T10:19:13","slug":"conditions-generales","status":"publish","type":"page","link":"https:\/\/www.parisenigmes.com\/blog\/conditions-generales\/","title":{"rendered":"Conditions g\u00e9n\u00e9rales"},"content":{"rendered":"<p data-start=\"53\" data-end=\"194\">Bienvenue sur Paris Enigmes. En acc\u00e9dant \u00e0 notre site web et en utilisant nos services, vous acceptez les conditions g\u00e9n\u00e9rales suivantes.<\/p>\n<h2 data-start=\"196\" data-end=\"390\"><strong data-start=\"196\" data-end=\"219\">1. Objet du service<\/strong><\/h2>\n<p data-start=\"196\" data-end=\"390\"><br data-start=\"219\" data-end=\"222\" \/>Paris Enigmes propose des jeux de piste sur mobile. Ces jeux sont destin\u00e9s \u00e0 un usage personnel et r\u00e9cr\u00e9atif.<\/p>\n<h2 data-start=\"392\" data-end=\"613\"><strong data-start=\"392\" data-end=\"432\">2. Achat et utilisation des parcours<\/strong><\/h2>\n<p data-start=\"392\" data-end=\"613\"><br data-start=\"432\" data-end=\"435\" \/>Les parcours peuvent \u00eatre achet\u00e9s directement sur notre site web. Apr\u00e8s l\u2019achat, vous recevrez un code coupon qui vous permettra d\u2019acc\u00e9der au parcours via l\u2019application mobile.<\/p>\n<h2 data-start=\"615\" data-end=\"863\"><strong data-start=\"615\" data-end=\"636\">3. Responsabilit\u00e9<\/strong><\/h2>\n<p data-start=\"615\" data-end=\"863\"><br data-start=\"636\" data-end=\"639\" \/>Paris Enigmes ne peut \u00eatre tenu responsable des incidents survenant lors de la participation aux jeux de piste. Les participants sont responsables du respect des r\u00e8gles de s\u00e9curit\u00e9 et du code de la route \u00e0 tout moment.<\/p>\n<h2 data-start=\"865\" data-end=\"1041\"><strong data-start=\"865\" data-end=\"896\">4. Propri\u00e9t\u00e9 intellectuelle<\/strong><\/h2>\n<p data-start=\"865\" data-end=\"1041\"><br data-start=\"896\" data-end=\"899\" \/>Tout le contenu (textes, images, \u00e9nigmes) est la propri\u00e9t\u00e9 exclusive de Paris Enigmes et ne peut \u00eatre reproduit sans autorisation pr\u00e9alable.<\/p>\n<h2 data-start=\"1043\" data-end=\"1238\"><strong data-start=\"1043\" data-end=\"1070\">5. Donn\u00e9es personnelles<\/strong><\/h2>\n<p data-start=\"1043\" data-end=\"1238\"><br data-start=\"1070\" data-end=\"1073\" \/>Nous collectons uniquement les donn\u00e9es n\u00e9cessaires au bon fonctionnement des jeux. Pour plus d\u2019informations, veuillez consulter notre politique de confidentialit\u00e9.<\/p>\n<h2 data-start=\"1240\" data-end=\"1415\"><strong data-start=\"1240\" data-end=\"1274\">6. Modification des conditions<\/strong><\/h2>\n<p data-start=\"1240\" data-end=\"1415\"><br data-start=\"1274\" data-end=\"1277\" \/>Paris Enigmes se r\u00e9serve le droit de modifier les pr\u00e9sentes conditions \u00e0 tout moment. Les changements seront publi\u00e9s sur notre site web.<\/p>\n","protected":false},"excerpt":{"rendered":"<p>Bienvenue sur Paris Enigmes. En acc\u00e9dant \u00e0 notre site web et en utilisant nos services, vous acceptez les conditions g\u00e9n\u00e9rales suivantes. 1. Objet du service Paris Enigmes propose des jeux de piste sur mobile. Ces jeux sont destin\u00e9s \u00e0 un usage personnel et r\u00e9cr\u00e9atif. 2. Achat et utilisation des parcours Les parcours peuvent \u00eatre achet\u00e9s&#8230;<\/p>\n","protected":false},"author":1,"featured_media":0,"parent":0,"menu_order":0,"comment_status":"closed","ping_status":"closed","template":"","meta":{"_kad_post_transparent":"default","_kad_post_title":"default","_kad_post_layout":"default","_kad_post_sidebar_id":"","_kad_post_content_style":"default","_kad_post_vertical_padding":"default","_kad_post_feature":"","_kad_post_feature_position":"","_kad_post_header":false,"_kad_post_footer":false,"footnotes":""},"class_list":["post-492","page","type-page","status-publish","hentry"],"yoast_head":"<!-- This site is optimized with the Yoast SEO plugin v26.2 - https:\/\/yoast.com\/wordpress\/plugins\/seo\/ -->\n<title>Conditions g\u00e9n\u00e9rales - Paris Enigmes<\/title>\n<meta name=\"description\" content=\"Consultez les conditions g\u00e9n\u00e9rales d\u2019utilisation et de vente de Paris Enigmes : r\u00e8gles d\u2019achat, d\u2019utilisation des parcours ..\" \/>\n<meta name=\"robots\" content=\"index, follow, max-snippet:-1, max-image-preview:large, max-video-preview:-1\" \/>\n<link rel=\"canonical\" href=\"https:\/\/www.parisenigmes.com\/blog\/conditions-generales\/\" \/>\n<meta property=\"og:locale\" content=\"fr_FR\" \/>\n<meta property=\"og:type\" content=\"article\" \/>\n<meta property=\"og:title\" content=\"Conditions g\u00e9n\u00e9rales - Paris Enigmes\" \/>\n<meta property=\"og:description\" content=\"Consultez les conditions g\u00e9n\u00e9rales d\u2019utilisation et de vente de Paris Enigmes : r\u00e8gles d\u2019achat, d\u2019utilisation des parcours ..\" \/>\n<meta property=\"og:url\" content=\"https:\/\/www.parisenigmes.com\/blog\/conditions-generales\/\" \/>\n<meta property=\"og:site_name\" content=\"Paris Enigmes - Blog\" \/>\n<meta property=\"article:publisher\" content=\"https:\/\/www.facebook.com\/ParisEnigmes\/\" \/>\n<meta property=\"article:modified_time\" content=\"2026-02-07T10:19:13+00:00\" \/>\n<meta name=\"twitter:card\" content=\"summary_large_image\" \/>\n<meta name=\"twitter:title\" content=\"Conditions g\u00e9n\u00e9rales - Paris Enigmes\" \/>\n<meta name=\"twitter:description\" content=\"Consultez les conditions g\u00e9n\u00e9rales d\u2019utilisation et de vente de Paris Enigmes : r\u00e8gles d\u2019achat, d\u2019utilisation des parcours ..\" \/>\n<meta name=\"twitter:label1\" content=\"Est. reading time\" \/>\n\t<meta name=\"twitter:data1\" content=\"1 minute\" \/>\n<script type=\"application\/ld+json\" class=\"yoast-schema-graph\">{\"@context\":\"https:\/\/schema.org\",\"@graph\":[{\"@type\":\"WebPage\",\"@id\":\"https:\/\/www.parisenigmes.com\/blog\/conditions-generales\/\",\"url\":\"https:\/\/www.parisenigmes.com\/blog\/conditions-generales\/\",\"name\":\"Conditions g\u00e9n\u00e9rales - Paris Enigmes\",\"isPartOf\":{\"@id\":\"https:\/\/www.parisenigmes.com\/blog\/#website\"},\"datePublished\":\"2025-08-26T12:43:47+00:00\",\"dateModified\":\"2026-02-07T10:19:13+00:00\",\"description\":\"Consultez les conditions g\u00e9n\u00e9rales d\u2019utilisation et de vente de Paris Enigmes : r\u00e8gles d\u2019achat, d\u2019utilisation des parcours ..\",\"breadcrumb\":{\"@id\":\"https:\/\/www.parisenigmes.com\/blog\/conditions-generales\/#breadcrumb\"},\"inLanguage\":\"fr-FR\",\"potentialAction\":[{\"@type\":\"ReadAction\",\"target\":[\"https:\/\/www.parisenigmes.com\/blog\/conditions-generales\/\"]}]},{\"@type\":\"BreadcrumbList\",\"@id\":\"https:\/\/www.parisenigmes.com\/blog\/conditions-generales\/#breadcrumb\",\"itemListElement\":[{\"@type\":\"ListItem\",\"position\":1,\"name\":\"Home\",\"item\":\"https:\/\/www.parisenigmes.com\/blog\/\"},{\"@type\":\"ListItem\",\"position\":2,\"name\":\"Conditions g\u00e9n\u00e9rales\"}]},{\"@type\":\"WebSite\",\"@id\":\"https:\/\/www.parisenigmes.com\/blog\/#website\",\"url\":\"https:\/\/www.parisenigmes.com\/blog\/\",\"name\":\"Paris Enigmes - Blog\",\"description\":\"\",\"publisher\":{\"@id\":\"https:\/\/www.parisenigmes.com\/blog\/#organization\"},\"potentialAction\":[{\"@type\":\"SearchAction\",\"target\":{\"@type\":\"EntryPoint\",\"urlTemplate\":\"https:\/\/www.parisenigmes.com\/blog\/?s={search_term_string}\"},\"query-input\":{\"@type\":\"PropertyValueSpecification\",\"valueRequired\":true,\"valueName\":\"search_term_string\"}}],\"inLanguage\":\"fr-FR\"},{\"@type\":\"Organization\",\"@id\":\"https:\/\/www.parisenigmes.com\/blog\/#organization\",\"name\":\"Paris Enigmes - Blog\",\"url\":\"https:\/\/www.parisenigmes.com\/blog\/\",\"logo\":{\"@type\":\"ImageObject\",\"inLanguage\":\"fr-FR\",\"@id\":\"https:\/\/www.parisenigmes.com\/blog\/#\/schema\/logo\/image\/\",\"url\":\"https:\/\/www.parisenigmes.com\/blog\/wp-content\/uploads\/2025\/08\/ic_launcher.png\",\"contentUrl\":\"https:\/\/www.parisenigmes.com\/blog\/wp-content\/uploads\/2025\/08\/ic_launcher.png\",\"width\":1080,\"height\":1080,\"caption\":\"Paris Enigmes - Blog\"},\"image\":{\"@id\":\"https:\/\/www.parisenigmes.com\/blog\/#\/schema\/logo\/image\/\"},\"sameAs\":[\"https:\/\/www.facebook.com\/ParisEnigmes\/\",\"https:\/\/www.instagram.com\/parisenigmes\/\"]}]}<\/script>\n<!-- \/ Yoast SEO plugin. -->","yoast_head_json":{"title":"Conditions g\u00e9n\u00e9rales - Paris Enigmes","description":"Consultez les conditions g\u00e9n\u00e9rales d\u2019utilisation et de vente de Paris Enigmes : r\u00e8gles d\u2019achat, d\u2019utilisation des parcours ..","robots":{"index":"index","follow":"follow","max-snippet":"max-snippet:-1","max-image-preview":"max-image-preview:large","max-video-preview":"max-video-preview:-1"},"canonical":"https:\/\/www.parisenigmes.com\/blog\/conditions-generales\/","og_locale":"fr_FR","og_type":"article","og_title":"Conditions g\u00e9n\u00e9rales - Paris Enigmes","og_description":"Consultez les conditions g\u00e9n\u00e9rales d\u2019utilisation et de vente de Paris Enigmes : r\u00e8gles d\u2019achat, d\u2019utilisation des parcours ..","og_url":"https:\/\/www.parisenigmes.com\/blog\/conditions-generales\/","og_site_name":"Paris Enigmes - Blog","article_publisher":"https:\/\/www.facebook.com\/ParisEnigmes\/","article_modified_time":"2026-02-07T10:19:13+00:00","twitter_card":"summary_large_image","twitter_title":"Conditions g\u00e9n\u00e9rales - Paris Enigmes","twitter_description":"Consultez les conditions g\u00e9n\u00e9rales d\u2019utilisation et de vente de Paris Enigmes : r\u00e8gles d\u2019achat, d\u2019utilisation des parcours ..","twitter_misc":{"Est. reading time":"1 minute"},"schema":{"@context":"https:\/\/schema.org","@graph":[{"@type":"WebPage","@id":"https:\/\/www.parisenigmes.com\/blog\/conditions-generales\/","url":"https:\/\/www.parisenigmes.com\/blog\/conditions-generales\/","name":"Conditions g\u00e9n\u00e9rales - Paris Enigmes","isPartOf":{"@id":"https:\/\/www.parisenigmes.com\/blog\/#website"},"datePublished":"2025-08-26T12:43:47+00:00","dateModified":"2026-02-07T10:19:13+00:00","description":"Consultez les conditions g\u00e9n\u00e9rales d\u2019utilisation et de vente de Paris Enigmes : r\u00e8gles d\u2019achat, d\u2019utilisation des parcours ..","breadcrumb":{"@id":"https:\/\/www.parisenigmes.com\/blog\/conditions-generales\/#breadcrumb"},"inLanguage":"fr-FR","potentialAction":[{"@type":"ReadAction","target":["https:\/\/www.parisenigmes.com\/blog\/conditions-generales\/"]}]},{"@type":"BreadcrumbList","@id":"https:\/\/www.parisenigmes.com\/blog\/conditions-generales\/#breadcrumb","itemListElement":[{"@type":"ListItem","position":1,"name":"Home","item":"https:\/\/www.parisenigmes.com\/blog\/"},{"@type":"ListItem","position":2,"name":"Conditions g\u00e9n\u00e9rales"}]},{"@type":"WebSite","@id":"https:\/\/www.parisenigmes.com\/blog\/#website","url":"https:\/\/www.parisenigmes.com\/blog\/","name":"Paris Enigmes - Blog","description":"","publisher":{"@id":"https:\/\/www.parisenigmes.com\/blog\/#organization"},"potentialAction":[{"@type":"SearchAction","target":{"@type":"EntryPoint","urlTemplate":"https:\/\/www.parisenigmes.com\/blog\/?s={search_term_string}"},"query-input":{"@type":"PropertyValueSpecification","valueRequired":true,"valueName":"search_term_string"}}],"inLanguage":"fr-FR"},{"@type":"Organization","@id":"https:\/\/www.parisenigmes.com\/blog\/#organization","name":"Paris Enigmes - Blog","url":"https:\/\/www.parisenigmes.com\/blog\/","logo":{"@type":"ImageObject","inLanguage":"fr-FR","@id":"https:\/\/www.parisenigmes.com\/blog\/#\/schema\/logo\/image\/","url":"https:\/\/www.parisenigmes.com\/blog\/wp-content\/uploads\/2025\/08\/ic_launcher.png","contentUrl":"https:\/\/www.parisenigmes.com\/blog\/wp-content\/uploads\/2025\/08\/ic_launcher.png","width":1080,"height":1080,"caption":"Paris Enigmes - Blog"},"image":{"@id":"https:\/\/www.parisenigmes.com\/blog\/#\/schema\/logo\/image\/"},"sameAs":["https:\/\/www.facebook.com\/ParisEnigmes\/","https:\/\/www.instagram.com\/parisenigmes\/"]}]}},"_links":{"self":[{"href":"https:\/\/www.parisenigmes.com\/blog\/wp-json\/wp\/v2\/pages\/492","targetHints":{"allow":["GET"]}}],"collection":[{"href":"https:\/\/www.parisenigmes.com\/blog\/wp-json\/wp\/v2\/pages"}],"about":[{"href":"https:\/\/www.parisenigmes.com\/blog\/wp-json\/wp\/v2\/types\/page"}],"author":[{"embeddable":true,"href":"https:\/\/www.parisenigmes.com\/blog\/wp-json\/wp\/v2\/users\/1"}],"replies":[{"embeddable":true,"href":"https:\/\/www.parisenigmes.com\/blog\/wp-json\/wp\/v2\/comments?post=492"}],"version-history":[{"count":5,"href":"https:\/\/www.parisenigmes.com\/blog\/wp-json\/wp\/v2\/pages\/492\/revisions"}],"predecessor-version":[{"id":4293,"href":"https:\/\/www.parisenigmes.com\/blog\/wp-json\/wp\/v2\/pages\/492\/revisions\/4293"}],"wp:attachment":[{"href":"https:\/\/www.parisenigmes.com\/blog\/wp-json\/wp\/v2\/media?parent=492"}],"curies":[{"name":"wp","href":"https:\/\/api.w.org\/{rel}","templated":true}]}}